{"id":77476,"date":"2025-02-27T20:57:34","date_gmt":"2025-02-27T19:57:34","guid":{"rendered":"https:\/\/maricell.it\/?page_id=77476"},"modified":"2025-03-03T10:51:27","modified_gmt":"2025-03-03T09:51:27","slug":"sostenibilita","status":"publish","type":"page","link":"https:\/\/maricell.it\/en\/sostenibilita\/","title":{"rendered":"Sustainability"},"content":{"rendered":"<div data-elementor-type=\"wp-page\" data-elementor-id=\"77476\" class=\"elementor elementor-77476\" data-elementor-post-type=\"page\">\n\t\t\t\t<div class=\"elementor-element elementor-element-60092f0 e-flex e-con-boxed e-con e-parent\" data-id=\"60092f0\" data-element_type=\"container\" data-settings=\"{&quot;background_background&quot;:&quot;classic&quot;}\">\n\t\t\t\t\t<div class=\"e-con-inner\">\n\t\t\t\t<div class=\"elementor-element elementor-element-fa8972b elementor-widget elementor-widget-heading\" data-id=\"fa8972b\" data-element_type=\"widget\" data-widget_type=\"heading.default\">\n\t\t\t\t<div class=\"elementor-widget-container\">\n\t\t\t\t\t<h2 class=\"elementor-heading-title elementor-size-default\">SUSTAINABILITY<\/h2>\t\t\t\t<\/div>\n\t\t\t\t<\/div>\n\t\t\t\t<div class=\"elementor-element elementor-element-1d79c10 elementor-align-center elementor-widget elementor-widget-breadcrumbs\" data-id=\"1d79c10\" data-element_type=\"widget\" data-widget_type=\"breadcrumbs.default\">\n\t\t\t\t<div class=\"elementor-widget-container\">\n\t\t\t\t\t<p id=\"breadcrumbs\"><span><span><a href=\"https:\/\/maricell.it\/en\/\">Home<\/a><\/span><\/span><\/p>\t\t\t\t<\/div>\n\t\t\t\t<\/div>\n\t\t\t\t\t<\/div>\n\t\t\t\t<\/div>\n\t\t\t\t<section class=\"elementor-section elementor-top-section elementor-element elementor-element-f73bc88 elementor-section-full_width elementor-section-height-default elementor-section-height-default\" data-id=\"f73bc88\" data-element_type=\"section\">\n\t\t\t\t\t\t<div class=\"elementor-container elementor-column-gap-default\">\n\t\t\t\t\t<div class=\"elementor-column elementor-col-50 elementor-top-column elementor-element elementor-element-749eed6\" data-fullscreen-column-settings=\"{&quot;fullscreen&quot;:&quot;&quot;}\" data-id=\"749eed6\" data-element_type=\"column\">\n\t\t\t<div class=\"elementor-widget-wrap elementor-element-populated\">\n\t\t\t\t\t\t<div class=\"elementor-element elementor-element-a18f3a4 elementor-widget elementor-widget-litho-heading\" data-id=\"a18f3a4\" data-element_type=\"widget\" data-widget_type=\"litho-heading.default\">\n\t\t\t\t<div class=\"elementor-widget-container\">\n\t\t\t\t\t<h5 class=\"litho-heading elementor-size-default\"><span class=\"litho-primary-title\">Let\u2019s build a future with sustainable materials\n<\/span><\/h5>\t\t\t\t<\/div>\n\t\t\t\t<\/div>\n\t\t\t\t<div class=\"elementor-element elementor-element-7f3e135 elementor-widget elementor-widget-text-editor\" data-id=\"7f3e135\" data-element_type=\"widget\" data-widget_type=\"text-editor.default\">\n\t\t\t\t<div class=\"elementor-widget-container\">\n\t\t\t\t\t\t\t\t\t<p class=\"p1\">Innovation never stops. Every day, the world evolves, and with it also the needs of a planet that demands more responsible solutions. At Maricell we believe that quality and sustainability can advance together, without compromise.<\/p>\t\t\t\t\t\t\t\t<\/div>\n\t\t\t\t<\/div>\n\t\t\t\t<div class=\"elementor-element elementor-element-d3dfe6f elementor-widget elementor-widget-text-editor\" data-id=\"d3dfe6f\" data-element_type=\"widget\" data-widget_type=\"text-editor.default\">\n\t\t\t\t<div class=\"elementor-widget-container\">\n\t\t\t\t\t\t\t\t\t<p class=\"p1\">Our high-resistance PVC panels are designed to last over time, reducing waste and optimizing resources. Thanks to an approach based on innovation and continuous improvement, we work to make our products increasingly sustainable, minimizing the environmental impact throughout their entire life cycle.<\/p>\t\t\t\t\t\t\t\t<\/div>\n\t\t\t\t<\/div>\n\t\t\t\t\t<\/div>\n\t\t<\/div>\n\t\t\t\t<div class=\"elementor-column elementor-col-50 elementor-top-column elementor-element elementor-element-7582e15\" data-fullscreen-column-settings=\"{&quot;fullscreen&quot;:&quot;&quot;}\" data-id=\"7582e15\" data-element_type=\"column\">\n\t\t\t<div class=\"elementor-widget-wrap elementor-element-populated\">\n\t\t\t\t\t\t<div class=\"elementor-element elementor-element-77fe32f elementor-widget elementor-widget-image\" data-id=\"77fe32f\" data-element_type=\"widget\" data-widget_type=\"image.default\">\n\t\t\t\t<div class=\"elementor-widget-container\">\n\t\t\t\t\t\t\t\t\t\t\t\t\t\t\t<img fetchpriority=\"high\" decoding=\"async\" width=\"1024\" height=\"683\" src=\"https:\/\/maricell.it\/wp-content\/uploads\/2025\/03\/grafikibm_httpss.mj_.runwBholO8BDJA_GREEN_ECO_TREES_GRASS_-ar_b011aa8e-adb0-4532-a303-4a47edd27882_3-1024x683.png\" class=\"attachment-large size-large wp-image-77622\" alt=\"\" srcset=\"https:\/\/maricell.it\/wp-content\/uploads\/2025\/03\/grafikibm_httpss.mj_.runwBholO8BDJA_GREEN_ECO_TREES_GRASS_-ar_b011aa8e-adb0-4532-a303-4a47edd27882_3-1024x683.png 1024w, https:\/\/maricell.it\/wp-content\/uploads\/2025\/03\/grafikibm_httpss.mj_.runwBholO8BDJA_GREEN_ECO_TREES_GRASS_-ar_b011aa8e-adb0-4532-a303-4a47edd27882_3-300x200.png 300w, https:\/\/maricell.it\/wp-content\/uploads\/2025\/03\/grafikibm_httpss.mj_.runwBholO8BDJA_GREEN_ECO_TREES_GRASS_-ar_b011aa8e-adb0-4532-a303-4a47edd27882_3-768x512.png 768w, https:\/\/maricell.it\/wp-content\/uploads\/2025\/03\/grafikibm_httpss.mj_.runwBholO8BDJA_GREEN_ECO_TREES_GRASS_-ar_b011aa8e-adb0-4532-a303-4a47edd27882_3-18x12.png 18w, https:\/\/maricell.it\/wp-content\/uploads\/2025\/03\/grafikibm_httpss.mj_.runwBholO8BDJA_GREEN_ECO_TREES_GRASS_-ar_b011aa8e-adb0-4532-a303-4a47edd27882_3-200x133.png 200w, https:\/\/maricell.it\/wp-content\/uploads\/2025\/03\/grafikibm_httpss.mj_.runwBholO8BDJA_GREEN_ECO_TREES_GRASS_-ar_b011aa8e-adb0-4532-a303-4a47edd27882_3.png 1344w\" sizes=\"(max-width: 1024px) 100vw, 1024px\" \/>\t\t\t\t\t\t\t\t\t\t\t\t\t\t\t<\/div>\n\t\t\t\t<\/div>\n\t\t\t\t\t<\/div>\n\t\t<\/div>\n\t\t\t\t\t<\/div>\n\t\t<\/section>\n\t\t<div class=\"elementor-element elementor-element-6398173 e-flex e-con-boxed e-con e-parent\" data-id=\"6398173\" data-element_type=\"container\">\n\t\t\t\t\t<div class=\"e-con-inner\">\n\t\t\t\t<div class=\"elementor-element elementor-element-a3e197d elementor-widget elementor-widget-litho-heading\" data-id=\"a3e197d\" data-element_type=\"widget\" data-widget_type=\"litho-heading.default\">\n\t\t\t\t<div class=\"elementor-widget-container\">\n\t\t\t\t\t<h5 class=\"litho-heading elementor-size-default\"><span class=\"litho-primary-title\">Maricell's commitment to sustainability<\/span><\/h5>\t\t\t\t<\/div>\n\t\t\t\t<\/div>\n\t\t\t\t<div class=\"elementor-element elementor-element-38345be elementor-widget elementor-widget-n-accordion\" data-id=\"38345be\" data-element_type=\"widget\" data-settings=\"{&quot;default_state&quot;:&quot;expanded&quot;,&quot;max_items_expended&quot;:&quot;one&quot;,&quot;n_accordion_animation_duration&quot;:{&quot;unit&quot;:&quot;ms&quot;,&quot;size&quot;:400,&quot;sizes&quot;:[]}}\" data-widget_type=\"nested-accordion.default\">\n\t\t\t\t<div class=\"elementor-widget-container\">\n\t\t\t\t\t\t\t<div class=\"e-n-accordion\" aria-label=\"Accordion. Open links with Enter or Space, close with Escape, and navigate with Arrow Keys\">\n\t\t\t\t\t\t<details id=\"e-n-accordion-item-5890\" class=\"e-n-accordion-item\" open>\n\t\t\t\t<summary class=\"e-n-accordion-item-title\" data-accordion-index=\"1\" tabindex=\"0\" aria-expanded=\"true\" aria-controls=\"e-n-accordion-item-5890\" >\n\t\t\t\t\t<span class='e-n-accordion-item-title-header'><div class=\"e-n-accordion-item-title-text\"> Certified energy efficiency <\/div><\/span>\n\t\t\t\t\t\t\t<span class='e-n-accordion-item-title-icon'>\n\t\t\t<span class='e-opened' ><i aria-hidden=\"true\" class=\"fas fa-minus\"><\/i><\/span>\n\t\t\t<span class='e-closed'><i aria-hidden=\"true\" class=\"fas fa-plus\"><\/i><\/span>\n\t\t<\/span>\n\n\t\t\t\t\t\t<\/summary>\n\t\t\t\t<div role=\"region\" aria-labelledby=\"e-n-accordion-item-5890\" class=\"elementor-element elementor-element-db3c174 e-con-full e-flex e-con e-child\" data-id=\"db3c174\" data-element_type=\"container\">\n\t\t\t\t<div class=\"elementor-element elementor-element-2f9884c elementor-widget elementor-widget-text-editor\" data-id=\"2f9884c\" data-element_type=\"widget\" data-widget_type=\"text-editor.default\">\n\t\t\t\t<div class=\"elementor-widget-container\">\n\t\t\t\t\t\t\t\t\t<p class=\"p1\">We have obtained the ISO 50001 certification, which guides our path towards an increasingly efficient use of energy. We constantly monitor consumption to reduce waste and improve production performance.<\/p>\t\t\t\t\t\t\t\t<\/div>\n\t\t\t\t<\/div>\n\t\t\t\t<\/div>\n\t\t\t\t\t<\/details>\n\t\t\t\t\t\t<details id=\"e-n-accordion-item-5891\" class=\"e-n-accordion-item\" >\n\t\t\t\t<summary class=\"e-n-accordion-item-title\" data-accordion-index=\"2\" tabindex=\"-1\" aria-expanded=\"false\" aria-controls=\"e-n-accordion-item-5891\" >\n\t\t\t\t\t<span class='e-n-accordion-item-title-header'><div class=\"e-n-accordion-item-title-text\"> LCA analysis for reduced impact <\/div><\/span>\n\t\t\t\t\t\t\t<span class='e-n-accordion-item-title-icon'>\n\t\t\t<span class='e-opened' ><i aria-hidden=\"true\" class=\"fas fa-minus\"><\/i><\/span>\n\t\t\t<span class='e-closed'><i aria-hidden=\"true\" class=\"fas fa-plus\"><\/i><\/span>\n\t\t<\/span>\n\n\t\t\t\t\t\t<\/summary>\n\t\t\t\t<div role=\"region\" aria-labelledby=\"e-n-accordion-item-5891\" class=\"elementor-element elementor-element-7cd6b33 e-con-full e-flex e-con e-child\" data-id=\"7cd6b33\" data-element_type=\"container\">\n\t\t\t\t<div class=\"elementor-element elementor-element-82c502d elementor-widget elementor-widget-text-editor\" data-id=\"82c502d\" data-element_type=\"widget\" data-widget_type=\"text-editor.default\">\n\t\t\t\t<div class=\"elementor-widget-container\">\n\t\t\t\t\t\t\t\t\t<p class=\"p1\">We study the life cycle of our products to understand and optimize their environmental impact. Every choice, from materials to production phases, is oriented towards sustainability.<\/p>\t\t\t\t\t\t\t\t<\/div>\n\t\t\t\t<\/div>\n\t\t\t\t<\/div>\n\t\t\t\t\t<\/details>\n\t\t\t\t\t\t<details id=\"e-n-accordion-item-5892\" class=\"e-n-accordion-item\" >\n\t\t\t\t<summary class=\"e-n-accordion-item-title\" data-accordion-index=\"3\" tabindex=\"-1\" aria-expanded=\"false\" aria-controls=\"e-n-accordion-item-5892\" >\n\t\t\t\t\t<span class='e-n-accordion-item-title-header'><div class=\"e-n-accordion-item-title-text\"> Less waste, more value <\/div><\/span>\n\t\t\t\t\t\t\t<span class='e-n-accordion-item-title-icon'>\n\t\t\t<span class='e-opened' ><i aria-hidden=\"true\" class=\"fas fa-minus\"><\/i><\/span>\n\t\t\t<span class='e-closed'><i aria-hidden=\"true\" class=\"fas fa-plus\"><\/i><\/span>\n\t\t<\/span>\n\n\t\t\t\t\t\t<\/summary>\n\t\t\t\t<div role=\"region\" aria-labelledby=\"e-n-accordion-item-5892\" class=\"elementor-element elementor-element-9aeb847 e-con-full e-flex e-con e-child\" data-id=\"9aeb847\" data-element_type=\"container\">\n\t\t\t\t<div class=\"elementor-element elementor-element-dde8690 elementor-widget elementor-widget-text-editor\" data-id=\"dde8690\" data-element_type=\"widget\" data-widget_type=\"text-editor.default\">\n\t\t\t\t<div class=\"elementor-widget-container\">\n\t\t\t\t\t\t\t\t\t<p class=\"p1\">We have activated strategies to reduce production waste, transforming our way of operating into a more circular and responsible model.<\/p>\t\t\t\t\t\t\t\t<\/div>\n\t\t\t\t<\/div>\n\t\t\t\t<\/div>\n\t\t\t\t\t<\/details>\n\t\t\t\t\t<\/div>\n\t\t\t\t\t\t<\/div>\n\t\t\t\t<\/div>\n\t\t\t\t\t<\/div>\n\t\t\t\t<\/div>\n\t\t\t\t<section class=\"elementor-section elementor-top-section elementor-element elementor-element-30a26c6 elementor-section-full_width elementor-section-height-default elementor-section-height-default\" data-id=\"30a26c6\" data-element_type=\"section\">\n\t\t\t\t\t\t<div class=\"elementor-container elementor-column-gap-default\">\n\t\t\t\t\t<div class=\"elementor-column elementor-col-50 elementor-top-column elementor-element elementor-element-6092d2c\" data-fullscreen-column-settings=\"{&quot;fullscreen&quot;:&quot;&quot;}\" data-id=\"6092d2c\" data-element_type=\"column\">\n\t\t\t<div class=\"elementor-widget-wrap elementor-element-populated\">\n\t\t\t\t\t\t<div class=\"elementor-element elementor-element-c523409 elementor-widget elementor-widget-image\" data-id=\"c523409\" data-element_type=\"widget\" data-widget_type=\"image.default\">\n\t\t\t\t<div class=\"elementor-widget-container\">\n\t\t\t\t\t\t\t\t\t\t\t\t\t\t\t<img decoding=\"async\" width=\"1024\" height=\"496\" src=\"https:\/\/maricell.it\/wp-content\/uploads\/2025\/03\/grafikibm_httpss.mj_.runl9oG0mgZG0k_green_grass_ecology_-ar_3_c8c4a03b-2917-4be5-a661-da80fb1c865e_1-1024x496.png\" class=\"attachment-large size-large wp-image-77623\" alt=\"\" srcset=\"https:\/\/maricell.it\/wp-content\/uploads\/2025\/03\/grafikibm_httpss.mj_.runl9oG0mgZG0k_green_grass_ecology_-ar_3_c8c4a03b-2917-4be5-a661-da80fb1c865e_1-1024x496.png 1024w, https:\/\/maricell.it\/wp-content\/uploads\/2025\/03\/grafikibm_httpss.mj_.runl9oG0mgZG0k_green_grass_ecology_-ar_3_c8c4a03b-2917-4be5-a661-da80fb1c865e_1-300x145.png 300w, https:\/\/maricell.it\/wp-content\/uploads\/2025\/03\/grafikibm_httpss.mj_.runl9oG0mgZG0k_green_grass_ecology_-ar_3_c8c4a03b-2917-4be5-a661-da80fb1c865e_1-768x372.png 768w, https:\/\/maricell.it\/wp-content\/uploads\/2025\/03\/grafikibm_httpss.mj_.runl9oG0mgZG0k_green_grass_ecology_-ar_3_c8c4a03b-2917-4be5-a661-da80fb1c865e_1-1536x745.png 1536w, https:\/\/maricell.it\/wp-content\/uploads\/2025\/03\/grafikibm_httpss.mj_.runl9oG0mgZG0k_green_grass_ecology_-ar_3_c8c4a03b-2917-4be5-a661-da80fb1c865e_1-18x9.png 18w, https:\/\/maricell.it\/wp-content\/uploads\/2025\/03\/grafikibm_httpss.mj_.runl9oG0mgZG0k_green_grass_ecology_-ar_3_c8c4a03b-2917-4be5-a661-da80fb1c865e_1-200x97.png 200w, https:\/\/maricell.it\/wp-content\/uploads\/2025\/03\/grafikibm_httpss.mj_.runl9oG0mgZG0k_green_grass_ecology_-ar_3_c8c4a03b-2917-4be5-a661-da80fb1c865e_1-1568x760.png 1568w, https:\/\/maricell.it\/wp-content\/uploads\/2025\/03\/grafikibm_httpss.mj_.runl9oG0mgZG0k_green_grass_ecology_-ar_3_c8c4a03b-2917-4be5-a661-da80fb1c865e_1.png 1584w\" sizes=\"(max-width: 1024px) 100vw, 1024px\" \/>\t\t\t\t\t\t\t\t\t\t\t\t\t\t\t<\/div>\n\t\t\t\t<\/div>\n\t\t\t\t\t<\/div>\n\t\t<\/div>\n\t\t\t\t<div class=\"elementor-column elementor-col-50 elementor-top-column elementor-element elementor-element-b0e12cb\" data-fullscreen-column-settings=\"{&quot;fullscreen&quot;:&quot;&quot;}\" data-id=\"b0e12cb\" data-element_type=\"column\">\n\t\t\t<div class=\"elementor-widget-wrap elementor-element-populated\">\n\t\t\t\t\t\t<div class=\"elementor-element elementor-element-46e9e38 elementor-widget elementor-widget-litho-heading\" data-id=\"46e9e38\" data-element_type=\"widget\" data-widget_type=\"litho-heading.default\">\n\t\t\t\t<div class=\"elementor-widget-container\">\n\t\t\t\t\t<h5 class=\"litho-heading elementor-size-default\"><span class=\"litho-primary-title\">Sustainable innovation for a better tomorrow<\/span><\/h5>\t\t\t\t<\/div>\n\t\t\t\t<\/div>\n\t\t\t\t<div class=\"elementor-element elementor-element-ec5e9a3 elementor-widget elementor-widget-text-editor\" data-id=\"ec5e9a3\" data-element_type=\"widget\" data-widget_type=\"text-editor.default\">\n\t\t\t\t<div class=\"elementor-widget-container\">\n\t\t\t\t\t\t\t\t\t<p class=\"p1\">The future requires a new way of thinking about materials: more resistant, more performing, but also more sustainable. At Maricell we work every day to transform this vision into reality. Because we believe that quality is not just a question of performance, but also of respect for the planet and for future generations.<\/p>\t\t\t\t\t\t\t\t<\/div>\n\t\t\t\t<\/div>\n\t\t\t\t<div class=\"elementor-element elementor-element-e94c448 elementor-widget elementor-widget-text-editor\" data-id=\"e94c448\" data-element_type=\"widget\" data-widget_type=\"text-editor.default\">\n\t\t\t\t<div class=\"elementor-widget-container\">\n\t\t\t\t\t\t\t\t\t<p class=\"p1\">Discover how our PVC panels can make the difference.<\/p>\t\t\t\t\t\t\t\t<\/div>\n\t\t\t\t<\/div>\n\t\t\t\t\t<\/div>\n\t\t<\/div>\n\t\t\t\t\t<\/div>\n\t\t<\/section>\n\t\t\t\t<\/div>","protected":false},"excerpt":{"rendered":"<p>SOSTENIBILIT\u00c0 Costruiamo il futuro con materiali sostenibili L\u2019innovazione non si ferma mai. Ogni giorno, il mondo evolve, e con esso anche le esigenze di un pianeta che chiede soluzioni pi\u00f9 responsabili. In Maricell crediamo che la qualit\u00e0 e la sostenibilit\u00e0&#8230;<\/p>","protected":false},"author":1,"featured_media":0,"parent":0,"menu_order":0,"comment_status":"closed","ping_status":"closed","template":"","meta":{"_acf_changed":false,"footnotes":""},"class_list":["post-77476","page","type-page","status-publish","hentry"],"acf":[],"yoast_head":"<!-- This site is optimized with the Yoast SEO plugin v24.4 - https:\/\/yoast.com\/wordpress\/plugins\/seo\/ -->\n<title>Sostenibilit\u00e0 - Maricell<\/title>\n<meta name=\"robots\" content=\"index, follow, max-snippet:-1, max-image-preview:large, max-video-preview:-1\" \/>\n<link rel=\"canonical\" href=\"https:\/\/maricell.it\/en\/sostenibilita\/\" \/>\n<meta property=\"og:locale\" content=\"en_GB\" \/>\n<meta property=\"og:type\" content=\"article\" \/>\n<meta property=\"og:title\" content=\"Sostenibilit\u00e0 - Maricell\" \/>\n<meta property=\"og:description\" content=\"SOSTENIBILIT\u00c0 Costruiamo il futuro con materiali sostenibili L\u2019innovazione non si ferma mai. Ogni giorno, il mondo evolve, e con esso anche le esigenze di un pianeta che chiede soluzioni pi\u00f9 responsabili. In Maricell crediamo che la qualit\u00e0 e la sostenibilit\u00e0...\" \/>\n<meta property=\"og:url\" content=\"https:\/\/maricell.it\/en\/sostenibilita\/\" \/>\n<meta property=\"og:site_name\" content=\"Maricell\" \/>\n<meta property=\"article:modified_time\" content=\"2025-03-03T09:51:27+00:00\" \/>\n<meta property=\"og:image\" content=\"https:\/\/maricell.it\/wp-content\/uploads\/2025\/03\/grafikibm_httpss.mj_.runwBholO8BDJA_GREEN_ECO_TREES_GRASS_-ar_b011aa8e-adb0-4532-a303-4a47edd27882_3.png\" \/>\n\t<meta property=\"og:image:width\" content=\"1344\" \/>\n\t<meta property=\"og:image:height\" content=\"896\" \/>\n\t<meta property=\"og:image:type\" content=\"image\/png\" \/>\n<meta name=\"twitter:card\" content=\"summary_large_image\" \/>\n<meta name=\"twitter:label1\" content=\"Estimated reading time\" \/>\n\t<meta name=\"twitter:data1\" content=\"3 minutes\" \/>\n<script type=\"application\/ld+json\" class=\"yoast-schema-graph\">{\"@context\":\"https:\/\/schema.org\",\"@graph\":[{\"@type\":\"WebPage\",\"@id\":\"https:\/\/maricell.it\/sostenibilita\/\",\"url\":\"https:\/\/maricell.it\/sostenibilita\/\",\"name\":\"Sostenibilit\u00e0 - Maricell\",\"isPartOf\":{\"@id\":\"https:\/\/maricell.it\/#website\"},\"primaryImageOfPage\":{\"@id\":\"https:\/\/maricell.it\/sostenibilita\/#primaryimage\"},\"image\":{\"@id\":\"https:\/\/maricell.it\/sostenibilita\/#primaryimage\"},\"thumbnailUrl\":\"https:\/\/maricell.it\/wp-content\/uploads\/2025\/03\/grafikibm_httpss.mj_.runwBholO8BDJA_GREEN_ECO_TREES_GRASS_-ar_b011aa8e-adb0-4532-a303-4a47edd27882_3-1024x683.png\",\"datePublished\":\"2025-02-27T19:57:34+00:00\",\"dateModified\":\"2025-03-03T09:51:27+00:00\",\"breadcrumb\":{\"@id\":\"https:\/\/maricell.it\/sostenibilita\/#breadcrumb\"},\"inLanguage\":\"en-GB\",\"potentialAction\":[{\"@type\":\"ReadAction\",\"target\":[\"https:\/\/maricell.it\/sostenibilita\/\"]}]},{\"@type\":\"ImageObject\",\"inLanguage\":\"en-GB\",\"@id\":\"https:\/\/maricell.it\/sostenibilita\/#primaryimage\",\"url\":\"https:\/\/maricell.it\/wp-content\/uploads\/2025\/03\/grafikibm_httpss.mj_.runwBholO8BDJA_GREEN_ECO_TREES_GRASS_-ar_b011aa8e-adb0-4532-a303-4a47edd27882_3-1024x683.png\",\"contentUrl\":\"https:\/\/maricell.it\/wp-content\/uploads\/2025\/03\/grafikibm_httpss.mj_.runwBholO8BDJA_GREEN_ECO_TREES_GRASS_-ar_b011aa8e-adb0-4532-a303-4a47edd27882_3-1024x683.png\"},{\"@type\":\"BreadcrumbList\",\"@id\":\"https:\/\/maricell.it\/sostenibilita\/#breadcrumb\",\"itemListElement\":[{\"@type\":\"ListItem\",\"position\":1,\"name\":\"Home\",\"item\":\"https:\/\/maricell.it\/\"},{\"@type\":\"ListItem\",\"position\":2,\"name\":\"Sostenibilit\u00e0\"}]},{\"@type\":\"WebSite\",\"@id\":\"https:\/\/maricell.it\/#website\",\"url\":\"https:\/\/maricell.it\/\",\"name\":\"Maricell\",\"description\":\"Core Materials\",\"potentialAction\":[{\"@type\":\"SearchAction\",\"target\":{\"@type\":\"EntryPoint\",\"urlTemplate\":\"https:\/\/maricell.it\/?s={search_term_string}\"},\"query-input\":{\"@type\":\"PropertyValueSpecification\",\"valueRequired\":true,\"valueName\":\"search_term_string\"}}],\"inLanguage\":\"en-GB\"}]}<\/script>\n<!-- \/ Yoast SEO plugin. -->","yoast_head_json":{"title":"Sostenibilit\u00e0 - Maricell","robots":{"index":"index","follow":"follow","max-snippet":"max-snippet:-1","max-image-preview":"max-image-preview:large","max-video-preview":"max-video-preview:-1"},"canonical":"https:\/\/maricell.it\/en\/sostenibilita\/","og_locale":"en_GB","og_type":"article","og_title":"Sostenibilit\u00e0 - Maricell","og_description":"SOSTENIBILIT\u00c0 Costruiamo il futuro con materiali sostenibili L\u2019innovazione non si ferma mai. Ogni giorno, il mondo evolve, e con esso anche le esigenze di un pianeta che chiede soluzioni pi\u00f9 responsabili. In Maricell crediamo che la qualit\u00e0 e la sostenibilit\u00e0...","og_url":"https:\/\/maricell.it\/en\/sostenibilita\/","og_site_name":"Maricell","article_modified_time":"2025-03-03T09:51:27+00:00","og_image":[{"width":1344,"height":896,"url":"https:\/\/maricell.it\/wp-content\/uploads\/2025\/03\/grafikibm_httpss.mj_.runwBholO8BDJA_GREEN_ECO_TREES_GRASS_-ar_b011aa8e-adb0-4532-a303-4a47edd27882_3.png","type":"image\/png"}],"twitter_card":"summary_large_image","twitter_misc":{"Estimated reading time":"3 minutes"},"schema":{"@context":"https:\/\/schema.org","@graph":[{"@type":"WebPage","@id":"https:\/\/maricell.it\/sostenibilita\/","url":"https:\/\/maricell.it\/sostenibilita\/","name":"Sostenibilit\u00e0 - Maricell","isPartOf":{"@id":"https:\/\/maricell.it\/#website"},"primaryImageOfPage":{"@id":"https:\/\/maricell.it\/sostenibilita\/#primaryimage"},"image":{"@id":"https:\/\/maricell.it\/sostenibilita\/#primaryimage"},"thumbnailUrl":"https:\/\/maricell.it\/wp-content\/uploads\/2025\/03\/grafikibm_httpss.mj_.runwBholO8BDJA_GREEN_ECO_TREES_GRASS_-ar_b011aa8e-adb0-4532-a303-4a47edd27882_3-1024x683.png","datePublished":"2025-02-27T19:57:34+00:00","dateModified":"2025-03-03T09:51:27+00:00","breadcrumb":{"@id":"https:\/\/maricell.it\/sostenibilita\/#breadcrumb"},"inLanguage":"en-GB","potentialAction":[{"@type":"ReadAction","target":["https:\/\/maricell.it\/sostenibilita\/"]}]},{"@type":"ImageObject","inLanguage":"en-GB","@id":"https:\/\/maricell.it\/sostenibilita\/#primaryimage","url":"https:\/\/maricell.it\/wp-content\/uploads\/2025\/03\/grafikibm_httpss.mj_.runwBholO8BDJA_GREEN_ECO_TREES_GRASS_-ar_b011aa8e-adb0-4532-a303-4a47edd27882_3-1024x683.png","contentUrl":"https:\/\/maricell.it\/wp-content\/uploads\/2025\/03\/grafikibm_httpss.mj_.runwBholO8BDJA_GREEN_ECO_TREES_GRASS_-ar_b011aa8e-adb0-4532-a303-4a47edd27882_3-1024x683.png"},{"@type":"BreadcrumbList","@id":"https:\/\/maricell.it\/sostenibilita\/#breadcrumb","itemListElement":[{"@type":"ListItem","position":1,"name":"Home","item":"https:\/\/maricell.it\/"},{"@type":"ListItem","position":2,"name":"Sostenibilit\u00e0"}]},{"@type":"WebSite","@id":"https:\/\/maricell.it\/#website","url":"https:\/\/maricell.it\/","name":"Maricell","description":"Core Materials","potentialAction":[{"@type":"SearchAction","target":{"@type":"EntryPoint","urlTemplate":"https:\/\/maricell.it\/?s={search_term_string}"},"query-input":{"@type":"PropertyValueSpecification","valueRequired":true,"valueName":"search_term_string"}}],"inLanguage":"en-GB"}]}},"_links":{"self":[{"href":"https:\/\/maricell.it\/en\/wp-json\/wp\/v2\/pages\/77476","targetHints":{"allow":["GET"]}}],"collection":[{"href":"https:\/\/maricell.it\/en\/wp-json\/wp\/v2\/pages"}],"about":[{"href":"https:\/\/maricell.it\/en\/wp-json\/wp\/v2\/types\/page"}],"author":[{"embeddable":true,"href":"https:\/\/maricell.it\/en\/wp-json\/wp\/v2\/users\/1"}],"replies":[{"embeddable":true,"href":"https:\/\/maricell.it\/en\/wp-json\/wp\/v2\/comments?post=77476"}],"version-history":[{"count":40,"href":"https:\/\/maricell.it\/en\/wp-json\/wp\/v2\/pages\/77476\/revisions"}],"predecessor-version":[{"id":77639,"href":"https:\/\/maricell.it\/en\/wp-json\/wp\/v2\/pages\/77476\/revisions\/77639"}],"wp:attachment":[{"href":"https:\/\/maricell.it\/en\/wp-json\/wp\/v2\/media?parent=77476"}],"curies":[{"name":"wp","href":"https:\/\/api.w.org\/{rel}","templated":true}]}}